{"id":58219,"date":"2022-12-28T18:14:03","date_gmt":"2022-12-28T21:14:03","guid":{"rendered":"https:\/\/i-hunter.com\/?page_id=58219"},"modified":"2022-12-28T20:39:33","modified_gmt":"2022-12-28T23:39:33","slug":"quem-somos-i-hunter","status":"publish","type":"page","link":"https:\/\/i-hunter.com\/?page_id=58219","title":{"rendered":"Quem Somos"},"content":{"rendered":"<section class=\"wpb-content-wrapper\"><p>[vc_row][vc_column][vc_column_text css=&#8221;.vc_custom_1672267220775{padding-top: 40px !important;padding-right: 20px !important;padding-bottom: 20px !important;padding-left: 20px !important;}&#8221;]<\/p>\n<div style=\"text-align: center; font-size: 29px; color: #eee8e3;line-height: 2.4;\">\n<p>Quem Somos<\/p>\n<\/div>\n<div style=\"text-align: justify; font-size: 21px; color: #eee8e3;line-height: 1.4;\">\n<p>Nossa jornada se inicia com PESSOAS que SONHAM, que trilham o caminho da TECNOLOGIA, movimentam EMPREGOS e geram RESULTADOS para as EMPRESAS.<\/p>\n<p>Somos a i-Hunter! Uma empresa de tecnologia. Entregamos aos nossos clientes uma solu\u00e7\u00e3o completa para a gest\u00e3o dos processos de ATRA\u00c7\u00c3O, SELE\u00c7\u00c3O e CONTRATA\u00c7\u00c3O de profissionais; estagi\u00e1rios e aprendizes \u2013 al\u00e9m de outras solu\u00e7\u00f5es complementares.<\/p>\n<p>Somos uma empresa basileira, iniciamos nossa atividade no ano de 1998 na Incubadora Tecnol\u00f3gica da PUC-Rio ap\u00f3s conseguir que nosso plano de neg\u00f3cios fosse aprovado. Estivemos naquela Incubadora por tr\u00eas anos, quando sofremos um processo de investimento anjo e desde ent\u00e3o atuamos no mercado de TI e RH, entregando servi\u00e7os de valor agregado e desenvolvendo solu\u00e7\u00f5es de software no modelo SaaS.<\/p>\n<\/div>\n<p>[\/vc_column_text][\/vc_column][\/vc_row]<\/p>\n<\/section>","protected":false},"excerpt":{"rendered":"<p>[vc_row][vc_column][vc_column_text css=&#8221;.vc_custom_1672267220775{padding-top: 40px !important;padding-right: 20px !important;padding-bottom: 20px !important;padding-left: 20px !important;}&#8221;] Quem Somos Nossa jornada se inicia com PESSOAS que SONHAM, que trilham o caminho da TECNOLOGIA, movimentam EMPREGOS e geram RESULTADOS para as EMPRESAS. Somos a i-Hunter! Uma empresa de tecnologia. Entregamos aos nossos clientes uma solu\u00e7\u00e3o completa para a gest\u00e3o dos processos de ATRA\u00c7\u00c3O,&hellip;<\/p>\n","protected":false},"author":1,"featured_media":0,"parent":32085,"menu_order":2,"comment_status":"closed","ping_status":"closed","template":"","meta":{"footnotes":""},"class_list":["post-58219","page","type-page","status-publish","hentry","description-off"],"yoast_head":"<!-- This site is optimized with the Yoast SEO plugin v19.13 - https:\/\/yoast.com\/wordpress\/plugins\/seo\/ -->\n<title>Quem Somos - i-Hunter<\/title>\n<meta name=\"description\" content=\"Um pouco sobre a trajet\u00f3ria da i-Hunter\" \/>\n<meta name=\"robots\" content=\"index, follow, max-snippet:-1, max-image-preview:large, max-video-preview:-1\" \/>\n<link rel=\"canonical\" href=\"https:\/\/i-hunter.com\/?page_id=58219\" \/>\n<meta property=\"og:locale\" content=\"en_US\" \/>\n<meta property=\"og:type\" content=\"article\" \/>\n<meta property=\"og:title\" content=\"Quem Somos - i-Hunter\" \/>\n<meta property=\"og:description\" content=\"Um pouco sobre a trajet\u00f3ria da i-Hunter\" \/>\n<meta property=\"og:url\" content=\"https:\/\/i-hunter.com\/?page_id=58219\" \/>\n<meta property=\"og:site_name\" content=\"i-Hunter\" \/>\n<meta property=\"article:publisher\" content=\"https:\/\/pt-br.facebook.com\/IHunterTecnologia\/\" \/>\n<meta property=\"article:modified_time\" content=\"2022-12-28T23:39:33+00:00\" \/>\n<meta name=\"twitter:card\" content=\"summary_large_image\" \/>\n<meta name=\"twitter:label1\" content=\"Est. reading time\" \/>\n\t<meta name=\"twitter:data1\" content=\"1 minute\" \/>\n<script type=\"application\/ld+json\" class=\"yoast-schema-graph\">{\"@context\":\"https:\/\/schema.org\",\"@graph\":[{\"@type\":\"WebPage\",\"@id\":\"https:\/\/i-hunter.com\/?page_id=58219\",\"url\":\"https:\/\/i-hunter.com\/?page_id=58219\",\"name\":\"Quem Somos - i-Hunter\",\"isPartOf\":{\"@id\":\"https:\/\/i-hunter.com\/#website\"},\"datePublished\":\"2022-12-28T21:14:03+00:00\",\"dateModified\":\"2022-12-28T23:39:33+00:00\",\"description\":\"Um pouco sobre a trajet\u00f3ria da i-Hunter\",\"breadcrumb\":{\"@id\":\"https:\/\/i-hunter.com\/?page_id=58219#breadcrumb\"},\"inLanguage\":\"en-US\",\"potentialAction\":[{\"@type\":\"ReadAction\",\"target\":[\"https:\/\/i-hunter.com\/?page_id=58219\"]}]},{\"@type\":\"BreadcrumbList\",\"@id\":\"https:\/\/i-hunter.com\/?page_id=58219#breadcrumb\",\"itemListElement\":[{\"@type\":\"ListItem\",\"position\":1,\"name\":\"Home\",\"item\":\"https:\/\/i-hunter.com\/\"},{\"@type\":\"ListItem\",\"position\":2,\"name\":\"i-hunter.com &#8211; website\",\"item\":\"https:\/\/i-hunter.com\/\"},{\"@type\":\"ListItem\",\"position\":3,\"name\":\"Quem Somos\"}]},{\"@type\":\"WebSite\",\"@id\":\"https:\/\/i-hunter.com\/#website\",\"url\":\"https:\/\/i-hunter.com\/\",\"name\":\"i-Hunter\",\"description\":\"Empregos\",\"publisher\":{\"@id\":\"https:\/\/i-hunter.com\/#organization\"},\"potentialAction\":[{\"@type\":\"SearchAction\",\"target\":{\"@type\":\"EntryPoint\",\"urlTemplate\":\"https:\/\/i-hunter.com\/?s={search_term_string}\"},\"query-input\":\"required name=search_term_string\"}],\"inLanguage\":\"en-US\"},{\"@type\":\"Organization\",\"@id\":\"https:\/\/i-hunter.com\/#organization\",\"name\":\"i-Hunter\",\"url\":\"https:\/\/i-hunter.com\/\",\"logo\":{\"@type\":\"ImageObject\",\"inLanguage\":\"en-US\",\"@id\":\"https:\/\/i-hunter.com\/#\/schema\/logo\/image\/\",\"url\":\"https:\/\/i-hunter.com\/wp-content\/uploads\/2022\/12\/logo_i-hunter.png\",\"contentUrl\":\"https:\/\/i-hunter.com\/wp-content\/uploads\/2022\/12\/logo_i-hunter.png\",\"width\":1328,\"height\":381,\"caption\":\"i-Hunter\"},\"image\":{\"@id\":\"https:\/\/i-hunter.com\/#\/schema\/logo\/image\/\"},\"sameAs\":[\"https:\/\/www.linkedin.com\/company\/i-hunter-tecnologia-da-informacao\/\",\"https:\/\/pt-br.facebook.com\/IHunterTecnologia\/\"]}]}<\/script>\n<!-- \/ Yoast SEO plugin. -->","yoast_head_json":{"title":"Quem Somos - i-Hunter","description":"Um pouco sobre a trajet\u00f3ria da i-Hunter","robots":{"index":"index","follow":"follow","max-snippet":"max-snippet:-1","max-image-preview":"max-image-preview:large","max-video-preview":"max-video-preview:-1"},"canonical":"https:\/\/i-hunter.com\/?page_id=58219","og_locale":"en_US","og_type":"article","og_title":"Quem Somos - i-Hunter","og_description":"Um pouco sobre a trajet\u00f3ria da i-Hunter","og_url":"https:\/\/i-hunter.com\/?page_id=58219","og_site_name":"i-Hunter","article_publisher":"https:\/\/pt-br.facebook.com\/IHunterTecnologia\/","article_modified_time":"2022-12-28T23:39:33+00:00","twitter_card":"summary_large_image","twitter_misc":{"Est. reading time":"1 minute"},"schema":{"@context":"https:\/\/schema.org","@graph":[{"@type":"WebPage","@id":"https:\/\/i-hunter.com\/?page_id=58219","url":"https:\/\/i-hunter.com\/?page_id=58219","name":"Quem Somos - i-Hunter","isPartOf":{"@id":"https:\/\/i-hunter.com\/#website"},"datePublished":"2022-12-28T21:14:03+00:00","dateModified":"2022-12-28T23:39:33+00:00","description":"Um pouco sobre a trajet\u00f3ria da i-Hunter","breadcrumb":{"@id":"https:\/\/i-hunter.com\/?page_id=58219#breadcrumb"},"inLanguage":"en-US","potentialAction":[{"@type":"ReadAction","target":["https:\/\/i-hunter.com\/?page_id=58219"]}]},{"@type":"BreadcrumbList","@id":"https:\/\/i-hunter.com\/?page_id=58219#breadcrumb","itemListElement":[{"@type":"ListItem","position":1,"name":"Home","item":"https:\/\/i-hunter.com\/"},{"@type":"ListItem","position":2,"name":"i-hunter.com &#8211; website","item":"https:\/\/i-hunter.com\/"},{"@type":"ListItem","position":3,"name":"Quem Somos"}]},{"@type":"WebSite","@id":"https:\/\/i-hunter.com\/#website","url":"https:\/\/i-hunter.com\/","name":"i-Hunter","description":"Empregos","publisher":{"@id":"https:\/\/i-hunter.com\/#organization"},"potentialAction":[{"@type":"SearchAction","target":{"@type":"EntryPoint","urlTemplate":"https:\/\/i-hunter.com\/?s={search_term_string}"},"query-input":"required name=search_term_string"}],"inLanguage":"en-US"},{"@type":"Organization","@id":"https:\/\/i-hunter.com\/#organization","name":"i-Hunter","url":"https:\/\/i-hunter.com\/","logo":{"@type":"ImageObject","inLanguage":"en-US","@id":"https:\/\/i-hunter.com\/#\/schema\/logo\/image\/","url":"https:\/\/i-hunter.com\/wp-content\/uploads\/2022\/12\/logo_i-hunter.png","contentUrl":"https:\/\/i-hunter.com\/wp-content\/uploads\/2022\/12\/logo_i-hunter.png","width":1328,"height":381,"caption":"i-Hunter"},"image":{"@id":"https:\/\/i-hunter.com\/#\/schema\/logo\/image\/"},"sameAs":["https:\/\/www.linkedin.com\/company\/i-hunter-tecnologia-da-informacao\/","https:\/\/pt-br.facebook.com\/IHunterTecnologia\/"]}]}},"_links":{"self":[{"href":"https:\/\/i-hunter.com\/index.php?rest_route=\/wp\/v2\/pages\/58219","targetHints":{"allow":["GET"]}}],"collection":[{"href":"https:\/\/i-hunter.com\/index.php?rest_route=\/wp\/v2\/pages"}],"about":[{"href":"https:\/\/i-hunter.com\/index.php?rest_route=\/wp\/v2\/types\/page"}],"author":[{"embeddable":true,"href":"https:\/\/i-hunter.com\/index.php?rest_route=\/wp\/v2\/users\/1"}],"replies":[{"embeddable":true,"href":"https:\/\/i-hunter.com\/index.php?rest_route=%2Fwp%2Fv2%2Fcomments&post=58219"}],"version-history":[{"count":29,"href":"https:\/\/i-hunter.com\/index.php?rest_route=\/wp\/v2\/pages\/58219\/revisions"}],"predecessor-version":[{"id":58252,"href":"https:\/\/i-hunter.com\/index.php?rest_route=\/wp\/v2\/pages\/58219\/revisions\/58252"}],"up":[{"embeddable":true,"href":"https:\/\/i-hunter.com\/index.php?rest_route=\/wp\/v2\/pages\/32085"}],"wp:attachment":[{"href":"https:\/\/i-hunter.com\/index.php?rest_route=%2Fwp%2Fv2%2Fmedia&parent=58219"}],"curies":[{"name":"wp","href":"https:\/\/api.w.org\/{rel}","templated":true}]}}